{"id":1657,"date":"2024-06-26T20:21:37","date_gmt":"2024-06-26T18:21:37","guid":{"rendered":"https:\/\/tmd50.salvador-dali.org\/theatre-musee-dali-50-ans\/"},"modified":"2024-12-24T12:00:32","modified_gmt":"2024-12-24T11:00:32","slug":"theatre-musee-dali-50-ans","status":"publish","type":"page","link":"https:\/\/tmd50.salvador-dali.org\/fr\/","title":{"rendered":"Th\u00e9\u00e2tre-Mus\u00e9e Dal\u00ed <br> <span>50 ans<\/span>"},"content":{"rendered":"<div class=\"dates\">28.09.1974 &#8211; 28.09.2024<\/div>\n","protected":false},"excerpt":{"rendered":"<p>28.09.1974 &#8211; 28.09.2024 [&#8230;]<\/p>\n","protected":false},"author":2,"featured_media":978,"parent":0,"menu_order":0,"comment_status":"closed","ping_status":"closed","template":"","meta":{"_acf_changed":false,"footnotes":""},"class_list":["post-1657","page","type-page","status-publish","has-post-thumbnail","hentry"],"acf":[],"yoast_head":"<!-- This site is optimized with the Yoast SEO Premium plugin v24.1 (Yoast SEO v27.3) - https:\/\/yoast.com\/product\/yoast-seo-premium-wordpress\/ -->\n<title>Th\u00e9\u00e2tre-Mus\u00e9e Dal\u00ed  50 ans<\/title>\n<meta name=\"description\" content=\"Site web comm\u00e9moratif du cinquanti\u00e8me anniversaire du Th\u00e9\u00e2tre-Mus\u00e9e Dal\u00ed de Figueres.\" \/>\n<meta name=\"robots\" content=\"index, follow, max-snippet:-1, max-image-preview:large, max-video-preview:-1\" \/>\n<link rel=\"canonical\" href=\"https:\/\/tmd50.salvador-dali.org\/fr\/\" \/>\n<meta property=\"og:locale\" content=\"fr_FR\" \/>\n<meta property=\"og:type\" content=\"article\" \/>\n<meta property=\"og:title\" content=\"Th\u00e9\u00e2tre-Mus\u00e9e Dal\u00ed  50 ans\" \/>\n<meta property=\"og:description\" content=\"Site web comm\u00e9moratif du cinquanti\u00e8me anniversaire du Th\u00e9\u00e2tre-Mus\u00e9e Dal\u00ed de Figueres.\" \/>\n<meta property=\"og:url\" content=\"https:\/\/tmd50.salvador-dali.org\/fr\/\" \/>\n<meta property=\"og:site_name\" content=\"Teatre-Museu Dal\u00ed - 50 anys\" \/>\n<meta property=\"article:publisher\" content=\"https:\/\/www.facebook.com\/MuseusDali\" \/>\n<meta property=\"article:modified_time\" content=\"2024-12-24T11:00:32+00:00\" \/>\n<meta property=\"og:image\" content=\"https:\/\/tmd50.salvador-dali.org\/wp-content\/uploads\/2024\/09\/05-7379.webp\" \/>\n\t<meta property=\"og:image:width\" content=\"2048\" \/>\n\t<meta property=\"og:image:height\" content=\"803\" \/>\n\t<meta property=\"og:image:type\" content=\"image\/webp\" \/>\n<meta name=\"twitter:card\" content=\"summary_large_image\" \/>\n<meta name=\"twitter:site\" content=\"@MuseuDali\" \/>\n<meta name=\"twitter:label1\" content=\"Dur\u00e9e de lecture estim\u00e9e\" \/>\n\t<meta name=\"twitter:data1\" content=\"1 minute\" \/>\n<script type=\"application\/ld+json\" class=\"yoast-schema-graph\">{\"@context\":\"https:\\\/\\\/schema.org\",\"@graph\":[{\"@type\":\"WebPage\",\"@id\":\"https:\\\/\\\/tmd50.salvador-dali.org\\\/fr\\\/\",\"url\":\"https:\\\/\\\/tmd50.salvador-dali.org\\\/fr\\\/\",\"name\":\"Th\u00e9\u00e2tre-Mus\u00e9e Dal\u00ed 50 ans\",\"isPartOf\":{\"@id\":\"https:\\\/\\\/tmd50.salvador-dali.org\\\/fr\\\/#website\"},\"primaryImageOfPage\":{\"@id\":\"https:\\\/\\\/tmd50.salvador-dali.org\\\/fr\\\/#primaryimage\"},\"image\":{\"@id\":\"https:\\\/\\\/tmd50.salvador-dali.org\\\/fr\\\/#primaryimage\"},\"thumbnailUrl\":\"https:\\\/\\\/tmd50.salvador-dali.org\\\/wp-content\\\/uploads\\\/2024\\\/09\\\/05-7379.webp\",\"datePublished\":\"2024-06-26T18:21:37+00:00\",\"dateModified\":\"2024-12-24T11:00:32+00:00\",\"description\":\"Site web comm\u00e9moratif du cinquanti\u00e8me anniversaire du Th\u00e9\u00e2tre-Mus\u00e9e Dal\u00ed de Figueres.\",\"breadcrumb\":{\"@id\":\"https:\\\/\\\/tmd50.salvador-dali.org\\\/fr\\\/#breadcrumb\"},\"inLanguage\":\"fr-FR\",\"potentialAction\":[{\"@type\":\"ReadAction\",\"target\":[\"https:\\\/\\\/tmd50.salvador-dali.org\\\/fr\\\/\"]}]},{\"@type\":\"ImageObject\",\"inLanguage\":\"fr-FR\",\"@id\":\"https:\\\/\\\/tmd50.salvador-dali.org\\\/fr\\\/#primaryimage\",\"url\":\"https:\\\/\\\/tmd50.salvador-dali.org\\\/wp-content\\\/uploads\\\/2024\\\/09\\\/05-7379.webp\",\"contentUrl\":\"https:\\\/\\\/tmd50.salvador-dali.org\\\/wp-content\\\/uploads\\\/2024\\\/09\\\/05-7379.webp\",\"width\":2048,\"height\":803},{\"@type\":\"BreadcrumbList\",\"@id\":\"https:\\\/\\\/tmd50.salvador-dali.org\\\/fr\\\/#breadcrumb\",\"itemListElement\":[{\"@type\":\"ListItem\",\"position\":1,\"name\":\"Inici\",\"item\":\"https:\\\/\\\/tmd50.salvador-dali.org\\\/fr\\\/\"},{\"@type\":\"ListItem\",\"position\":2,\"name\":\"Th\u00e9\u00e2tre-Mus\u00e9e Dal\u00ed 50 ans\"}]},{\"@type\":\"WebSite\",\"@id\":\"https:\\\/\\\/tmd50.salvador-dali.org\\\/fr\\\/#website\",\"url\":\"https:\\\/\\\/tmd50.salvador-dali.org\\\/fr\\\/\",\"name\":\"museudali50\",\"description\":\"\",\"publisher\":{\"@id\":\"https:\\\/\\\/tmd50.salvador-dali.org\\\/fr\\\/#organization\"},\"potentialAction\":[{\"@type\":\"SearchAction\",\"target\":{\"@type\":\"EntryPoint\",\"urlTemplate\":\"https:\\\/\\\/tmd50.salvador-dali.org\\\/fr\\\/?s={search_term_string}\"},\"query-input\":{\"@type\":\"PropertyValueSpecification\",\"valueRequired\":true,\"valueName\":\"search_term_string\"}}],\"inLanguage\":\"fr-FR\"},{\"@type\":\"Organization\",\"@id\":\"https:\\\/\\\/tmd50.salvador-dali.org\\\/fr\\\/#organization\",\"name\":\"museudali50\",\"url\":\"https:\\\/\\\/tmd50.salvador-dali.org\\\/fr\\\/\",\"logo\":{\"@type\":\"ImageObject\",\"inLanguage\":\"fr-FR\",\"@id\":\"https:\\\/\\\/tmd50.salvador-dali.org\\\/fr\\\/#\\\/schema\\\/logo\\\/image\\\/\",\"url\":\"https:\\\/\\\/tmd50.salvador-dali.org\\\/wp-content\\\/uploads\\\/2024\\\/08\\\/cropped-logo-provisional.png\",\"contentUrl\":\"https:\\\/\\\/tmd50.salvador-dali.org\\\/wp-content\\\/uploads\\\/2024\\\/08\\\/cropped-logo-provisional.png\",\"width\":474,\"height\":106,\"caption\":\"museudali50\"},\"image\":{\"@id\":\"https:\\\/\\\/tmd50.salvador-dali.org\\\/fr\\\/#\\\/schema\\\/logo\\\/image\\\/\"},\"sameAs\":[\"https:\\\/\\\/www.facebook.com\\\/MuseusDali\",\"https:\\\/\\\/x.com\\\/MuseuDali\",\"https:\\\/\\\/www.youtube.com\\\/user\\\/FundacioDali\",\"https:\\\/\\\/instagram.com\\\/museudali\"]}]}<\/script>\n<!-- \/ Yoast SEO Premium plugin. -->","yoast_head_json":{"title":"Th\u00e9\u00e2tre-Mus\u00e9e Dal\u00ed  50 ans","description":"Site web comm\u00e9moratif du cinquanti\u00e8me anniversaire du Th\u00e9\u00e2tre-Mus\u00e9e Dal\u00ed de Figueres.","robots":{"index":"index","follow":"follow","max-snippet":"max-snippet:-1","max-image-preview":"max-image-preview:large","max-video-preview":"max-video-preview:-1"},"canonical":"https:\/\/tmd50.salvador-dali.org\/fr\/","og_locale":"fr_FR","og_type":"article","og_title":"Th\u00e9\u00e2tre-Mus\u00e9e Dal\u00ed  50 ans","og_description":"Site web comm\u00e9moratif du cinquanti\u00e8me anniversaire du Th\u00e9\u00e2tre-Mus\u00e9e Dal\u00ed de Figueres.","og_url":"https:\/\/tmd50.salvador-dali.org\/fr\/","og_site_name":"Teatre-Museu Dal\u00ed - 50 anys","article_publisher":"https:\/\/www.facebook.com\/MuseusDali","article_modified_time":"2024-12-24T11:00:32+00:00","og_image":[{"width":2048,"height":803,"url":"https:\/\/tmd50.salvador-dali.org\/wp-content\/uploads\/2024\/09\/05-7379.webp","type":"image\/webp"}],"twitter_card":"summary_large_image","twitter_site":"@MuseuDali","twitter_misc":{"Dur\u00e9e de lecture estim\u00e9e":"1 minute"},"schema":{"@context":"https:\/\/schema.org","@graph":[{"@type":"WebPage","@id":"https:\/\/tmd50.salvador-dali.org\/fr\/","url":"https:\/\/tmd50.salvador-dali.org\/fr\/","name":"Th\u00e9\u00e2tre-Mus\u00e9e Dal\u00ed 50 ans","isPartOf":{"@id":"https:\/\/tmd50.salvador-dali.org\/fr\/#website"},"primaryImageOfPage":{"@id":"https:\/\/tmd50.salvador-dali.org\/fr\/#primaryimage"},"image":{"@id":"https:\/\/tmd50.salvador-dali.org\/fr\/#primaryimage"},"thumbnailUrl":"https:\/\/tmd50.salvador-dali.org\/wp-content\/uploads\/2024\/09\/05-7379.webp","datePublished":"2024-06-26T18:21:37+00:00","dateModified":"2024-12-24T11:00:32+00:00","description":"Site web comm\u00e9moratif du cinquanti\u00e8me anniversaire du Th\u00e9\u00e2tre-Mus\u00e9e Dal\u00ed de Figueres.","breadcrumb":{"@id":"https:\/\/tmd50.salvador-dali.org\/fr\/#breadcrumb"},"inLanguage":"fr-FR","potentialAction":[{"@type":"ReadAction","target":["https:\/\/tmd50.salvador-dali.org\/fr\/"]}]},{"@type":"ImageObject","inLanguage":"fr-FR","@id":"https:\/\/tmd50.salvador-dali.org\/fr\/#primaryimage","url":"https:\/\/tmd50.salvador-dali.org\/wp-content\/uploads\/2024\/09\/05-7379.webp","contentUrl":"https:\/\/tmd50.salvador-dali.org\/wp-content\/uploads\/2024\/09\/05-7379.webp","width":2048,"height":803},{"@type":"BreadcrumbList","@id":"https:\/\/tmd50.salvador-dali.org\/fr\/#breadcrumb","itemListElement":[{"@type":"ListItem","position":1,"name":"Inici","item":"https:\/\/tmd50.salvador-dali.org\/fr\/"},{"@type":"ListItem","position":2,"name":"Th\u00e9\u00e2tre-Mus\u00e9e Dal\u00ed 50 ans"}]},{"@type":"WebSite","@id":"https:\/\/tmd50.salvador-dali.org\/fr\/#website","url":"https:\/\/tmd50.salvador-dali.org\/fr\/","name":"museudali50","description":"","publisher":{"@id":"https:\/\/tmd50.salvador-dali.org\/fr\/#organization"},"potentialAction":[{"@type":"SearchAction","target":{"@type":"EntryPoint","urlTemplate":"https:\/\/tmd50.salvador-dali.org\/fr\/?s={search_term_string}"},"query-input":{"@type":"PropertyValueSpecification","valueRequired":true,"valueName":"search_term_string"}}],"inLanguage":"fr-FR"},{"@type":"Organization","@id":"https:\/\/tmd50.salvador-dali.org\/fr\/#organization","name":"museudali50","url":"https:\/\/tmd50.salvador-dali.org\/fr\/","logo":{"@type":"ImageObject","inLanguage":"fr-FR","@id":"https:\/\/tmd50.salvador-dali.org\/fr\/#\/schema\/logo\/image\/","url":"https:\/\/tmd50.salvador-dali.org\/wp-content\/uploads\/2024\/08\/cropped-logo-provisional.png","contentUrl":"https:\/\/tmd50.salvador-dali.org\/wp-content\/uploads\/2024\/08\/cropped-logo-provisional.png","width":474,"height":106,"caption":"museudali50"},"image":{"@id":"https:\/\/tmd50.salvador-dali.org\/fr\/#\/schema\/logo\/image\/"},"sameAs":["https:\/\/www.facebook.com\/MuseusDali","https:\/\/x.com\/MuseuDali","https:\/\/www.youtube.com\/user\/FundacioDali","https:\/\/instagram.com\/museudali"]}]}},"_links":{"self":[{"href":"https:\/\/tmd50.salvador-dali.org\/fr\/wp-json\/wp\/v2\/pages\/1657","targetHints":{"allow":["GET"]}}],"collection":[{"href":"https:\/\/tmd50.salvador-dali.org\/fr\/wp-json\/wp\/v2\/pages"}],"about":[{"href":"https:\/\/tmd50.salvador-dali.org\/fr\/wp-json\/wp\/v2\/types\/page"}],"author":[{"embeddable":true,"href":"https:\/\/tmd50.salvador-dali.org\/fr\/wp-json\/wp\/v2\/users\/2"}],"replies":[{"embeddable":true,"href":"https:\/\/tmd50.salvador-dali.org\/fr\/wp-json\/wp\/v2\/comments?post=1657"}],"version-history":[{"count":3,"href":"https:\/\/tmd50.salvador-dali.org\/fr\/wp-json\/wp\/v2\/pages\/1657\/revisions"}],"predecessor-version":[{"id":1689,"href":"https:\/\/tmd50.salvador-dali.org\/fr\/wp-json\/wp\/v2\/pages\/1657\/revisions\/1689"}],"wp:featuredmedia":[{"embeddable":true,"href":"https:\/\/tmd50.salvador-dali.org\/fr\/wp-json\/wp\/v2\/media\/978"}],"wp:attachment":[{"href":"https:\/\/tmd50.salvador-dali.org\/fr\/wp-json\/wp\/v2\/media?parent=1657"}],"curies":[{"name":"wp","href":"https:\/\/api.w.org\/{rel}","templated":true}]}}