{"id":1198,"date":"2024-06-26T20:21:37","date_gmt":"2024-06-26T18:21:37","guid":{"rendered":"https:\/\/tmd50.salvador-dali.org\/teatro-museo-dali50-anos\/"},"modified":"2024-12-24T12:00:06","modified_gmt":"2024-12-24T11:00:06","slug":"teatro-museo-dali50-anos","status":"publish","type":"page","link":"https:\/\/tmd50.salvador-dali.org\/es\/","title":{"rendered":"Teatro-Museo Dal\u00ed<br> <span>50 a\u00f1os<\/span>"},"content":{"rendered":"<div class=\"dates\">28.09.1974 &#8211; 28.09.2024<\/div>\n","protected":false},"excerpt":{"rendered":"<p>28.09.1974 &#8211; 28.09.2024 [&#8230;]<\/p>\n","protected":false},"author":2,"featured_media":979,"parent":0,"menu_order":0,"comment_status":"closed","ping_status":"closed","template":"","meta":{"_acf_changed":false,"footnotes":""},"class_list":["post-1198","page","type-page","status-publish","has-post-thumbnail","hentry"],"acf":[],"yoast_head":"<!-- This site is optimized with the Yoast SEO Premium plugin v24.1 (Yoast SEO v27.3) - https:\/\/yoast.com\/product\/yoast-seo-premium-wordpress\/ -->\n<title>Teatro-Museo Dal\u00ed 50 a\u00f1os<\/title>\n<meta name=\"description\" content=\"Web conmemorativo del cincuenta aniversario del Teatro-Museo Dal\u00ed de Figueres.\" \/>\n<meta name=\"robots\" content=\"index, follow, max-snippet:-1, max-image-preview:large, max-video-preview:-1\" \/>\n<link rel=\"canonical\" href=\"https:\/\/tmd50.salvador-dali.org\/es\/\" \/>\n<meta property=\"og:locale\" content=\"es_ES\" \/>\n<meta property=\"og:type\" content=\"article\" \/>\n<meta property=\"og:title\" content=\"Teatro-Museo Dal\u00ed 50 a\u00f1os\" \/>\n<meta property=\"og:description\" content=\"Web conmemorativo del cincuenta aniversario del Teatro-Museo Dal\u00ed de Figueres.\" \/>\n<meta property=\"og:url\" content=\"https:\/\/tmd50.salvador-dali.org\/es\/\" \/>\n<meta property=\"og:site_name\" content=\"Teatre-Museu Dal\u00ed - 50 anys\" \/>\n<meta property=\"article:publisher\" content=\"https:\/\/www.facebook.com\/MuseusDali\" \/>\n<meta property=\"article:modified_time\" content=\"2024-12-24T11:00:06+00:00\" \/>\n<meta property=\"og:image\" content=\"https:\/\/tmd50.salvador-dali.org\/wp-content\/uploads\/2024\/09\/05-7379.webp\" \/>\n\t<meta property=\"og:image:width\" content=\"2048\" \/>\n\t<meta property=\"og:image:height\" content=\"803\" \/>\n\t<meta property=\"og:image:type\" content=\"image\/webp\" \/>\n<meta name=\"twitter:card\" content=\"summary_large_image\" \/>\n<meta name=\"twitter:site\" content=\"@MuseuDali\" \/>\n<meta name=\"twitter:label1\" content=\"Tiempo de lectura\" \/>\n\t<meta name=\"twitter:data1\" content=\"1 minuto\" \/>\n<script type=\"application\/ld+json\" class=\"yoast-schema-graph\">{\"@context\":\"https:\\\/\\\/schema.org\",\"@graph\":[{\"@type\":\"WebPage\",\"@id\":\"https:\\\/\\\/tmd50.salvador-dali.org\\\/es\\\/\",\"url\":\"https:\\\/\\\/tmd50.salvador-dali.org\\\/es\\\/\",\"name\":\"Teatro-Museo Dal\u00ed 50 a\u00f1os\",\"isPartOf\":{\"@id\":\"https:\\\/\\\/tmd50.salvador-dali.org\\\/es\\\/#website\"},\"primaryImageOfPage\":{\"@id\":\"https:\\\/\\\/tmd50.salvador-dali.org\\\/es\\\/#primaryimage\"},\"image\":{\"@id\":\"https:\\\/\\\/tmd50.salvador-dali.org\\\/es\\\/#primaryimage\"},\"thumbnailUrl\":\"https:\\\/\\\/tmd50.salvador-dali.org\\\/wp-content\\\/uploads\\\/2024\\\/09\\\/05-7379.webp\",\"datePublished\":\"2024-06-26T18:21:37+00:00\",\"dateModified\":\"2024-12-24T11:00:06+00:00\",\"description\":\"Web conmemorativo del cincuenta aniversario del Teatro-Museo Dal\u00ed de Figueres.\",\"breadcrumb\":{\"@id\":\"https:\\\/\\\/tmd50.salvador-dali.org\\\/es\\\/#breadcrumb\"},\"inLanguage\":\"es\",\"potentialAction\":[{\"@type\":\"ReadAction\",\"target\":[\"https:\\\/\\\/tmd50.salvador-dali.org\\\/es\\\/\"]}]},{\"@type\":\"ImageObject\",\"inLanguage\":\"es\",\"@id\":\"https:\\\/\\\/tmd50.salvador-dali.org\\\/es\\\/#primaryimage\",\"url\":\"https:\\\/\\\/tmd50.salvador-dali.org\\\/wp-content\\\/uploads\\\/2024\\\/09\\\/05-7379.webp\",\"contentUrl\":\"https:\\\/\\\/tmd50.salvador-dali.org\\\/wp-content\\\/uploads\\\/2024\\\/09\\\/05-7379.webp\",\"width\":2048,\"height\":803},{\"@type\":\"BreadcrumbList\",\"@id\":\"https:\\\/\\\/tmd50.salvador-dali.org\\\/es\\\/#breadcrumb\",\"itemListElement\":[{\"@type\":\"ListItem\",\"position\":1,\"name\":\"Inici\",\"item\":\"https:\\\/\\\/tmd50.salvador-dali.org\\\/es\\\/\"},{\"@type\":\"ListItem\",\"position\":2,\"name\":\"Teatro-Museo Dal\u00ed 50 a\u00f1os\"}]},{\"@type\":\"WebSite\",\"@id\":\"https:\\\/\\\/tmd50.salvador-dali.org\\\/es\\\/#website\",\"url\":\"https:\\\/\\\/tmd50.salvador-dali.org\\\/es\\\/\",\"name\":\"museudali50\",\"description\":\"\",\"publisher\":{\"@id\":\"https:\\\/\\\/tmd50.salvador-dali.org\\\/es\\\/#organization\"},\"potentialAction\":[{\"@type\":\"SearchAction\",\"target\":{\"@type\":\"EntryPoint\",\"urlTemplate\":\"https:\\\/\\\/tmd50.salvador-dali.org\\\/es\\\/?s={search_term_string}\"},\"query-input\":{\"@type\":\"PropertyValueSpecification\",\"valueRequired\":true,\"valueName\":\"search_term_string\"}}],\"inLanguage\":\"es\"},{\"@type\":\"Organization\",\"@id\":\"https:\\\/\\\/tmd50.salvador-dali.org\\\/es\\\/#organization\",\"name\":\"museudali50\",\"url\":\"https:\\\/\\\/tmd50.salvador-dali.org\\\/es\\\/\",\"logo\":{\"@type\":\"ImageObject\",\"inLanguage\":\"es\",\"@id\":\"https:\\\/\\\/tmd50.salvador-dali.org\\\/es\\\/#\\\/schema\\\/logo\\\/image\\\/\",\"url\":\"https:\\\/\\\/tmd50.salvador-dali.org\\\/wp-content\\\/uploads\\\/2024\\\/08\\\/cropped-logo-provisional.png\",\"contentUrl\":\"https:\\\/\\\/tmd50.salvador-dali.org\\\/wp-content\\\/uploads\\\/2024\\\/08\\\/cropped-logo-provisional.png\",\"width\":474,\"height\":106,\"caption\":\"museudali50\"},\"image\":{\"@id\":\"https:\\\/\\\/tmd50.salvador-dali.org\\\/es\\\/#\\\/schema\\\/logo\\\/image\\\/\"},\"sameAs\":[\"https:\\\/\\\/www.facebook.com\\\/MuseusDali\",\"https:\\\/\\\/x.com\\\/MuseuDali\",\"https:\\\/\\\/www.youtube.com\\\/user\\\/FundacioDali\",\"https:\\\/\\\/instagram.com\\\/museudali\"]}]}<\/script>\n<!-- \/ Yoast SEO Premium plugin. -->","yoast_head_json":{"title":"Teatro-Museo Dal\u00ed 50 a\u00f1os","description":"Web conmemorativo del cincuenta aniversario del Teatro-Museo Dal\u00ed de Figueres.","robots":{"index":"index","follow":"follow","max-snippet":"max-snippet:-1","max-image-preview":"max-image-preview:large","max-video-preview":"max-video-preview:-1"},"canonical":"https:\/\/tmd50.salvador-dali.org\/es\/","og_locale":"es_ES","og_type":"article","og_title":"Teatro-Museo Dal\u00ed 50 a\u00f1os","og_description":"Web conmemorativo del cincuenta aniversario del Teatro-Museo Dal\u00ed de Figueres.","og_url":"https:\/\/tmd50.salvador-dali.org\/es\/","og_site_name":"Teatre-Museu Dal\u00ed - 50 anys","article_publisher":"https:\/\/www.facebook.com\/MuseusDali","article_modified_time":"2024-12-24T11:00:06+00:00","og_image":[{"width":2048,"height":803,"url":"https:\/\/tmd50.salvador-dali.org\/wp-content\/uploads\/2024\/09\/05-7379.webp","type":"image\/webp"}],"twitter_card":"summary_large_image","twitter_site":"@MuseuDali","twitter_misc":{"Tiempo de lectura":"1 minuto"},"schema":{"@context":"https:\/\/schema.org","@graph":[{"@type":"WebPage","@id":"https:\/\/tmd50.salvador-dali.org\/es\/","url":"https:\/\/tmd50.salvador-dali.org\/es\/","name":"Teatro-Museo Dal\u00ed 50 a\u00f1os","isPartOf":{"@id":"https:\/\/tmd50.salvador-dali.org\/es\/#website"},"primaryImageOfPage":{"@id":"https:\/\/tmd50.salvador-dali.org\/es\/#primaryimage"},"image":{"@id":"https:\/\/tmd50.salvador-dali.org\/es\/#primaryimage"},"thumbnailUrl":"https:\/\/tmd50.salvador-dali.org\/wp-content\/uploads\/2024\/09\/05-7379.webp","datePublished":"2024-06-26T18:21:37+00:00","dateModified":"2024-12-24T11:00:06+00:00","description":"Web conmemorativo del cincuenta aniversario del Teatro-Museo Dal\u00ed de Figueres.","breadcrumb":{"@id":"https:\/\/tmd50.salvador-dali.org\/es\/#breadcrumb"},"inLanguage":"es","potentialAction":[{"@type":"ReadAction","target":["https:\/\/tmd50.salvador-dali.org\/es\/"]}]},{"@type":"ImageObject","inLanguage":"es","@id":"https:\/\/tmd50.salvador-dali.org\/es\/#primaryimage","url":"https:\/\/tmd50.salvador-dali.org\/wp-content\/uploads\/2024\/09\/05-7379.webp","contentUrl":"https:\/\/tmd50.salvador-dali.org\/wp-content\/uploads\/2024\/09\/05-7379.webp","width":2048,"height":803},{"@type":"BreadcrumbList","@id":"https:\/\/tmd50.salvador-dali.org\/es\/#breadcrumb","itemListElement":[{"@type":"ListItem","position":1,"name":"Inici","item":"https:\/\/tmd50.salvador-dali.org\/es\/"},{"@type":"ListItem","position":2,"name":"Teatro-Museo Dal\u00ed 50 a\u00f1os"}]},{"@type":"WebSite","@id":"https:\/\/tmd50.salvador-dali.org\/es\/#website","url":"https:\/\/tmd50.salvador-dali.org\/es\/","name":"museudali50","description":"","publisher":{"@id":"https:\/\/tmd50.salvador-dali.org\/es\/#organization"},"potentialAction":[{"@type":"SearchAction","target":{"@type":"EntryPoint","urlTemplate":"https:\/\/tmd50.salvador-dali.org\/es\/?s={search_term_string}"},"query-input":{"@type":"PropertyValueSpecification","valueRequired":true,"valueName":"search_term_string"}}],"inLanguage":"es"},{"@type":"Organization","@id":"https:\/\/tmd50.salvador-dali.org\/es\/#organization","name":"museudali50","url":"https:\/\/tmd50.salvador-dali.org\/es\/","logo":{"@type":"ImageObject","inLanguage":"es","@id":"https:\/\/tmd50.salvador-dali.org\/es\/#\/schema\/logo\/image\/","url":"https:\/\/tmd50.salvador-dali.org\/wp-content\/uploads\/2024\/08\/cropped-logo-provisional.png","contentUrl":"https:\/\/tmd50.salvador-dali.org\/wp-content\/uploads\/2024\/08\/cropped-logo-provisional.png","width":474,"height":106,"caption":"museudali50"},"image":{"@id":"https:\/\/tmd50.salvador-dali.org\/es\/#\/schema\/logo\/image\/"},"sameAs":["https:\/\/www.facebook.com\/MuseusDali","https:\/\/x.com\/MuseuDali","https:\/\/www.youtube.com\/user\/FundacioDali","https:\/\/instagram.com\/museudali"]}]}},"_links":{"self":[{"href":"https:\/\/tmd50.salvador-dali.org\/es\/wp-json\/wp\/v2\/pages\/1198","targetHints":{"allow":["GET"]}}],"collection":[{"href":"https:\/\/tmd50.salvador-dali.org\/es\/wp-json\/wp\/v2\/pages"}],"about":[{"href":"https:\/\/tmd50.salvador-dali.org\/es\/wp-json\/wp\/v2\/types\/page"}],"author":[{"embeddable":true,"href":"https:\/\/tmd50.salvador-dali.org\/es\/wp-json\/wp\/v2\/users\/2"}],"replies":[{"embeddable":true,"href":"https:\/\/tmd50.salvador-dali.org\/es\/wp-json\/wp\/v2\/comments?post=1198"}],"version-history":[{"count":11,"href":"https:\/\/tmd50.salvador-dali.org\/es\/wp-json\/wp\/v2\/pages\/1198\/revisions"}],"predecessor-version":[{"id":1688,"href":"https:\/\/tmd50.salvador-dali.org\/es\/wp-json\/wp\/v2\/pages\/1198\/revisions\/1688"}],"wp:featuredmedia":[{"embeddable":true,"href":"https:\/\/tmd50.salvador-dali.org\/es\/wp-json\/wp\/v2\/media\/979"}],"wp:attachment":[{"href":"https:\/\/tmd50.salvador-dali.org\/es\/wp-json\/wp\/v2\/media?parent=1198"}],"curies":[{"name":"wp","href":"https:\/\/api.w.org\/{rel}","templated":true}]}}